{"id":1209,"date":"2025-08-03T13:16:45","date_gmt":"2025-08-03T11:16:45","guid":{"rendered":"https:\/\/pingpongsocialclub.de\/?page_id=1209"},"modified":"2026-04-08T17:09:13","modified_gmt":"2026-04-08T15:09:13","slug":"t-shirts","status":"publish","type":"page","link":"http:\/\/pingpongsocialclub.de\/index.php\/t-shirts\/","title":{"rendered":"T-Shirts"},"content":{"rendered":"\n<div class=\"wp-block-jetpack-tiled-gallery aligncenter has-nv-site-bg-background-color has-background is-style-circle\" style=\"padding-top:0;padding-right:var(--wp--preset--spacing--80);padding-bottom:0;padding-left:var(--wp--preset--spacing--80)\"><div class=\"\"><div class=\"tiled-gallery__gallery\"><div class=\"tiled-gallery__row columns-3\"><div class=\"tiled-gallery__col\"><figure class=\"tiled-gallery__item\"><img decoding=\"async\" srcset=\"https:\/\/i0.wp.com\/pingpongsocialclub.de\/wp-content\/uploads\/2025\/08\/IMG_4789-768x1024.jpg?resize=600,600&#038;strip=info 600w,https:\/\/i0.wp.com\/pingpongsocialclub.de\/wp-content\/uploads\/2025\/08\/IMG_4789-768x1024.jpg?resize=900,900&#038;strip=info 900w,https:\/\/i0.wp.com\/pingpongsocialclub.de\/wp-content\/uploads\/2025\/08\/IMG_4789-768x1024.jpg?resize=1200,1200&#038;strip=info 1200w,https:\/\/i0.wp.com\/pingpongsocialclub.de\/wp-content\/uploads\/2025\/08\/IMG_4789-768x1024.jpg?resize=1500,1500&#038;strip=info 1500w,https:\/\/i0.wp.com\/pingpongsocialclub.de\/wp-content\/uploads\/2025\/08\/IMG_4789-768x1024.jpg?resize=1536,1536&#038;strip=info 1536w\" alt=\"\" data-height=\"2048\" data-id=\"1210\" data-link=\"https:\/\/pingpongsocialclub.de\/index.php\/t-shirts\/img_4789\/\" data-url=\"http:\/\/pingpongsocialclub.de\/wp-content\/uploads\/2025\/08\/IMG_4789-768x1024.jpg\" data-width=\"1536\" src=\"https:\/\/i0.wp.com\/pingpongsocialclub.de\/wp-content\/uploads\/2025\/08\/IMG_4789-768x1024.jpg?resize=1536%2C1536\" data-amp-layout=\"responsive\"\/><\/figure><\/div><div class=\"tiled-gallery__col\"><figure class=\"tiled-gallery__item\"><img decoding=\"async\" srcset=\"https:\/\/i0.wp.com\/pingpongsocialclub.de\/wp-content\/uploads\/2025\/07\/signal-2025-07-18-145020_004-768x1024.jpeg?resize=600,600&#038;strip=info 600w,https:\/\/i0.wp.com\/pingpongsocialclub.de\/wp-content\/uploads\/2025\/07\/signal-2025-07-18-145020_004-768x1024.jpeg?resize=900,900&#038;strip=info 900w,https:\/\/i0.wp.com\/pingpongsocialclub.de\/wp-content\/uploads\/2025\/07\/signal-2025-07-18-145020_004-768x1024.jpeg?resize=1200,1200&#038;strip=info 1200w,https:\/\/i0.wp.com\/pingpongsocialclub.de\/wp-content\/uploads\/2025\/07\/signal-2025-07-18-145020_004-768x1024.jpeg?resize=1500,1500&#038;strip=info 1500w,https:\/\/i0.wp.com\/pingpongsocialclub.de\/wp-content\/uploads\/2025\/07\/signal-2025-07-18-145020_004-768x1024.jpeg?resize=1536,1536&#038;strip=info 1536w\" alt=\"\" data-height=\"2048\" data-id=\"1197\" data-link=\"https:\/\/pingpongsocialclub.de\/index.php\/ppec-products\/tshirt-weis-pingpongsocialclub\/signal-2025-07-18-145020_004\/\" data-url=\"http:\/\/pingpongsocialclub.de\/wp-content\/uploads\/2025\/07\/signal-2025-07-18-145020_004-768x1024.jpeg\" data-width=\"1536\" src=\"https:\/\/i0.wp.com\/pingpongsocialclub.de\/wp-content\/uploads\/2025\/07\/signal-2025-07-18-145020_004-768x1024.jpeg?resize=1536%2C1536\" data-amp-layout=\"responsive\"\/><\/figure><\/div><div class=\"tiled-gallery__col\"><figure class=\"tiled-gallery__item\"><img decoding=\"async\" srcset=\"https:\/\/i0.wp.com\/pingpongsocialclub.de\/wp-content\/uploads\/2025\/08\/closeIMG_4789-Kopie-651x1024.jpeg?resize=600%2C600&#038;strip=info&#038;ssl=1 600w,https:\/\/i0.wp.com\/pingpongsocialclub.de\/wp-content\/uploads\/2025\/08\/closeIMG_4789-Kopie-651x1024.jpeg?resize=900%2C900&#038;strip=info&#038;ssl=1 900w,https:\/\/i0.wp.com\/pingpongsocialclub.de\/wp-content\/uploads\/2025\/08\/closeIMG_4789-Kopie-651x1024.jpeg?resize=1200%2C1200&#038;strip=info&#038;ssl=1 1200w,https:\/\/i0.wp.com\/pingpongsocialclub.de\/wp-content\/uploads\/2025\/08\/closeIMG_4789-Kopie-651x1024.jpeg?resize=1500%2C1500&#038;strip=info&#038;ssl=1 1500w,https:\/\/i0.wp.com\/pingpongsocialclub.de\/wp-content\/uploads\/2025\/08\/closeIMG_4789-Kopie-651x1024.jpeg?resize=1536%2C1536&#038;strip=info&#038;ssl=1 1536w\" alt=\"\" data-height=\"2416\" data-id=\"1217\" data-link=\"https:\/\/pingpongsocialclub.de\/index.php\/t-shirts\/closeimg_4789-kopie\/\" data-url=\"https:\/\/pingpongsocialclub.de\/wp-content\/uploads\/2025\/08\/closeIMG_4789-Kopie-651x1024.jpeg\" data-width=\"1536\" src=\"https:\/\/i0.wp.com\/pingpongsocialclub.de\/wp-content\/uploads\/2025\/08\/closeIMG_4789-Kopie-651x1024.jpeg?ssl=1&amp;resize=1536%2C1536\" data-amp-layout=\"responsive\"\/><\/figure><\/div><\/div><\/div><\/div><\/div>\n\n\n\n<p><br>Das offizielle T-Shirt vom Ping Pong Social Club. F\u00fcr alle, die den Spirit feiern und uns supporten. Vorne klarer Clubschriftzug, hinten unser legend\u00e4rer Smiley \u2013 das PPSC-Shirt ist mehr als nur ein Kleidungsst\u00fcck. Es steht f\u00fcr Bewegung, Begegnung und gutes Design.<\/p>\n\n\n\n<p>Mit dem Kauf unterst\u00fctzt du unseren gemeinn\u00fctzigen Verein \u2013 und damit mehr Licht, Leben und Tischtennis in deiner Nachbarschaft.<\/p>\n\n\n\n<p><mark style=\"background-color:var(--nv-secondary-accent)\" class=\"has-inline-color has-nv-dark-bg-color\"><strong>Nice Preis: 25 Euro<\/strong><\/mark><br><mark style=\"background-color:var(--nv-secondary-accent)\" class=\"has-inline-color has-nv-dark-bg-color\"><br><\/mark>Shirt-Verkauf bei unseren Events (oder per <a href=\"mailto:pingpongsocialclub@posteo.de\" type=\"mailto\" id=\"mailto:pingpongsocialclub@posteo.de\">Email Anfrage<\/a> &#8211; Geduld vorausgesetzt).<\/p>\n\n\n\n<hr class=\"wp-block-separator has-alpha-channel-opacity\"\/>\n\n\n\n<p><\/p>\n","protected":false},"excerpt":{"rendered":"<p>Das offizielle T-Shirt vom Ping Pong Social Club. F\u00fcr alle, die den Spirit feiern und uns supporten. Vorne klarer Clubschriftzug, hinten unser legend\u00e4rer Smiley \u2013 das PPSC-Shirt ist mehr als nur ein Kleidungsst\u00fcck. Es steht f\u00fcr Bewegung, Begegnung und gutes Design. Mit dem Kauf unterst\u00fctzt du unseren gemeinn\u00fctzigen Verein \u2013 und damit mehr Licht, Leben&hellip;&nbsp;<a href=\"http:\/\/pingpongsocialclub.de\/index.php\/t-shirts\/\" rel=\"bookmark\">Weiterlesen &raquo;<span class=\"screen-reader-text\">T-Shirts<\/span><\/a><\/p>\n","protected":false},"author":2,"featured_media":0,"parent":0,"menu_order":0,"comment_status":"closed","ping_status":"closed","template":"","meta":{"neve_meta_sidebar":"","neve_meta_container":"","neve_meta_enable_content_width":"","neve_meta_content_width":0,"neve_meta_title_alignment":"","neve_meta_author_avatar":"","neve_post_elements_order":"","neve_meta_disable_header":"","neve_meta_disable_footer":"","neve_meta_disable_title":"","footnotes":""},"class_list":["post-1209","page","type-page","status-publish","hentry"],"yoast_head":"<!-- This site is optimized with the Yoast SEO plugin v27.1.1 - https:\/\/yoast.com\/product\/yoast-seo-wordpress\/ -->\n<title>T-Shirts - Ping Pong Social Club Heidelberg<\/title>\n<meta name=\"description\" content=\"Schnapp dir eins der kultigen T-Shirts vom Ping Pong Social Club. \ud83c\udfd3\u2764\ufe0f Tischtennisliebe!\" \/>\n<meta name=\"robots\" content=\"index, follow, max-snippet:-1, max-image-preview:large, max-video-preview:-1\" \/>\n<link rel=\"canonical\" href=\"http:\/\/pingpongsocialclub.de\/index.php\/t-shirts\/\" \/>\n<meta property=\"og:locale\" content=\"de_DE\" \/>\n<meta property=\"og:type\" content=\"article\" \/>\n<meta property=\"og:title\" content=\"T-Shirts - Ping Pong Social Club Heidelberg\" \/>\n<meta property=\"og:description\" content=\"Schnapp dir eins der kultigen T-Shirts vom Ping Pong Social Club. \ud83c\udfd3\u2764\ufe0f Tischtennisliebe!\" \/>\n<meta property=\"og:url\" content=\"http:\/\/pingpongsocialclub.de\/index.php\/t-shirts\/\" \/>\n<meta property=\"og:site_name\" content=\"Ping Pong Social Club Heidelberg\" \/>\n<meta property=\"article:modified_time\" content=\"2026-04-08T15:09:13+00:00\" \/>\n<meta property=\"og:image\" content=\"https:\/\/i0.wp.com\/pingpongsocialclub.de\/wp-content\/uploads\/2025\/08\/IMG_4789-768x1024.jpg?resize=1536%2C1536\" \/>\n<meta name=\"twitter:card\" content=\"summary_large_image\" \/>\n<meta name=\"twitter:label1\" content=\"Gesch\u00e4tzte Lesezeit\" \/>\n\t<meta name=\"twitter:data1\" content=\"2\u00a0Minuten\" \/>\n<script type=\"application\/ld+json\" class=\"yoast-schema-graph\">{\"@context\":\"https:\/\/schema.org\",\"@graph\":[{\"@type\":\"WebPage\",\"@id\":\"http:\/\/pingpongsocialclub.de\/index.php\/t-shirts\/\",\"url\":\"http:\/\/pingpongsocialclub.de\/index.php\/t-shirts\/\",\"name\":\"T-Shirts - Ping Pong Social Club Heidelberg\",\"isPartOf\":{\"@id\":\"https:\/\/pingpongsocialclub.de\/#website\"},\"primaryImageOfPage\":{\"@id\":\"http:\/\/pingpongsocialclub.de\/index.php\/t-shirts\/#primaryimage\"},\"image\":{\"@id\":\"http:\/\/pingpongsocialclub.de\/index.php\/t-shirts\/#primaryimage\"},\"thumbnailUrl\":\"https:\/\/i0.wp.com\/pingpongsocialclub.de\/wp-content\/uploads\/2025\/08\/IMG_4789-768x1024.jpg?resize=1536%2C1536\",\"datePublished\":\"2025-08-03T11:16:45+00:00\",\"dateModified\":\"2026-04-08T15:09:13+00:00\",\"description\":\"Schnapp dir eins der kultigen T-Shirts vom Ping Pong Social Club. \ud83c\udfd3\u2764\ufe0f Tischtennisliebe!\",\"breadcrumb\":{\"@id\":\"http:\/\/pingpongsocialclub.de\/index.php\/t-shirts\/#breadcrumb\"},\"inLanguage\":\"de\",\"potentialAction\":[{\"@type\":\"ReadAction\",\"target\":[\"http:\/\/pingpongsocialclub.de\/index.php\/t-shirts\/\"]}]},{\"@type\":\"ImageObject\",\"inLanguage\":\"de\",\"@id\":\"http:\/\/pingpongsocialclub.de\/index.php\/t-shirts\/#primaryimage\",\"url\":\"https:\/\/i0.wp.com\/pingpongsocialclub.de\/wp-content\/uploads\/2025\/08\/IMG_4789-768x1024.jpg?resize=1536%2C1536\",\"contentUrl\":\"https:\/\/i0.wp.com\/pingpongsocialclub.de\/wp-content\/uploads\/2025\/08\/IMG_4789-768x1024.jpg?resize=1536%2C1536\"},{\"@type\":\"BreadcrumbList\",\"@id\":\"http:\/\/pingpongsocialclub.de\/index.php\/t-shirts\/#breadcrumb\",\"itemListElement\":[{\"@type\":\"ListItem\",\"position\":1,\"name\":\"Startseite\",\"item\":\"https:\/\/pingpongsocialclub.de\/\"},{\"@type\":\"ListItem\",\"position\":2,\"name\":\"T-Shirts\"}]},{\"@type\":\"WebSite\",\"@id\":\"https:\/\/pingpongsocialclub.de\/#website\",\"url\":\"https:\/\/pingpongsocialclub.de\/\",\"name\":\"Ping Pong Social Club Heidelberg\",\"description\":\"It&#039;s a Social Club\",\"potentialAction\":[{\"@type\":\"SearchAction\",\"target\":{\"@type\":\"EntryPoint\",\"urlTemplate\":\"https:\/\/pingpongsocialclub.de\/?s={search_term_string}\"},\"query-input\":{\"@type\":\"PropertyValueSpecification\",\"valueRequired\":true,\"valueName\":\"search_term_string\"}}],\"inLanguage\":\"de\"}]}<\/script>\n<!-- \/ Yoast SEO plugin. -->","yoast_head_json":{"title":"T-Shirts - Ping Pong Social Club Heidelberg","description":"Schnapp dir eins der kultigen T-Shirts vom Ping Pong Social Club. \ud83c\udfd3\u2764\ufe0f Tischtennisliebe!","robots":{"index":"index","follow":"follow","max-snippet":"max-snippet:-1","max-image-preview":"max-image-preview:large","max-video-preview":"max-video-preview:-1"},"canonical":"http:\/\/pingpongsocialclub.de\/index.php\/t-shirts\/","og_locale":"de_DE","og_type":"article","og_title":"T-Shirts - Ping Pong Social Club Heidelberg","og_description":"Schnapp dir eins der kultigen T-Shirts vom Ping Pong Social Club. \ud83c\udfd3\u2764\ufe0f Tischtennisliebe!","og_url":"http:\/\/pingpongsocialclub.de\/index.php\/t-shirts\/","og_site_name":"Ping Pong Social Club Heidelberg","article_modified_time":"2026-04-08T15:09:13+00:00","og_image":[{"url":"https:\/\/i0.wp.com\/pingpongsocialclub.de\/wp-content\/uploads\/2025\/08\/IMG_4789-768x1024.jpg?resize=1536%2C1536","type":"","width":"","height":""}],"twitter_card":"summary_large_image","twitter_misc":{"Gesch\u00e4tzte Lesezeit":"2\u00a0Minuten"},"schema":{"@context":"https:\/\/schema.org","@graph":[{"@type":"WebPage","@id":"http:\/\/pingpongsocialclub.de\/index.php\/t-shirts\/","url":"http:\/\/pingpongsocialclub.de\/index.php\/t-shirts\/","name":"T-Shirts - Ping Pong Social Club Heidelberg","isPartOf":{"@id":"https:\/\/pingpongsocialclub.de\/#website"},"primaryImageOfPage":{"@id":"http:\/\/pingpongsocialclub.de\/index.php\/t-shirts\/#primaryimage"},"image":{"@id":"http:\/\/pingpongsocialclub.de\/index.php\/t-shirts\/#primaryimage"},"thumbnailUrl":"https:\/\/i0.wp.com\/pingpongsocialclub.de\/wp-content\/uploads\/2025\/08\/IMG_4789-768x1024.jpg?resize=1536%2C1536","datePublished":"2025-08-03T11:16:45+00:00","dateModified":"2026-04-08T15:09:13+00:00","description":"Schnapp dir eins der kultigen T-Shirts vom Ping Pong Social Club. \ud83c\udfd3\u2764\ufe0f Tischtennisliebe!","breadcrumb":{"@id":"http:\/\/pingpongsocialclub.de\/index.php\/t-shirts\/#breadcrumb"},"inLanguage":"de","potentialAction":[{"@type":"ReadAction","target":["http:\/\/pingpongsocialclub.de\/index.php\/t-shirts\/"]}]},{"@type":"ImageObject","inLanguage":"de","@id":"http:\/\/pingpongsocialclub.de\/index.php\/t-shirts\/#primaryimage","url":"https:\/\/i0.wp.com\/pingpongsocialclub.de\/wp-content\/uploads\/2025\/08\/IMG_4789-768x1024.jpg?resize=1536%2C1536","contentUrl":"https:\/\/i0.wp.com\/pingpongsocialclub.de\/wp-content\/uploads\/2025\/08\/IMG_4789-768x1024.jpg?resize=1536%2C1536"},{"@type":"BreadcrumbList","@id":"http:\/\/pingpongsocialclub.de\/index.php\/t-shirts\/#breadcrumb","itemListElement":[{"@type":"ListItem","position":1,"name":"Startseite","item":"https:\/\/pingpongsocialclub.de\/"},{"@type":"ListItem","position":2,"name":"T-Shirts"}]},{"@type":"WebSite","@id":"https:\/\/pingpongsocialclub.de\/#website","url":"https:\/\/pingpongsocialclub.de\/","name":"Ping Pong Social Club Heidelberg","description":"It&#039;s a Social Club","potentialAction":[{"@type":"SearchAction","target":{"@type":"EntryPoint","urlTemplate":"https:\/\/pingpongsocialclub.de\/?s={search_term_string}"},"query-input":{"@type":"PropertyValueSpecification","valueRequired":true,"valueName":"search_term_string"}}],"inLanguage":"de"}]}},"jetpack_sharing_enabled":true,"_links":{"self":[{"href":"http:\/\/pingpongsocialclub.de\/index.php\/wp-json\/wp\/v2\/pages\/1209","targetHints":{"allow":["GET"]}}],"collection":[{"href":"http:\/\/pingpongsocialclub.de\/index.php\/wp-json\/wp\/v2\/pages"}],"about":[{"href":"http:\/\/pingpongsocialclub.de\/index.php\/wp-json\/wp\/v2\/types\/page"}],"author":[{"embeddable":true,"href":"http:\/\/pingpongsocialclub.de\/index.php\/wp-json\/wp\/v2\/users\/2"}],"replies":[{"embeddable":true,"href":"http:\/\/pingpongsocialclub.de\/index.php\/wp-json\/wp\/v2\/comments?post=1209"}],"version-history":[{"count":10,"href":"http:\/\/pingpongsocialclub.de\/index.php\/wp-json\/wp\/v2\/pages\/1209\/revisions"}],"predecessor-version":[{"id":1647,"href":"http:\/\/pingpongsocialclub.de\/index.php\/wp-json\/wp\/v2\/pages\/1209\/revisions\/1647"}],"wp:attachment":[{"href":"http:\/\/pingpongsocialclub.de\/index.php\/wp-json\/wp\/v2\/media?parent=1209"}],"curies":[{"name":"wp","href":"https:\/\/api.w.org\/{rel}","templated":true}]}}