{"id":64,"date":"2024-09-23T13:17:22","date_gmt":"2024-09-23T13:17:22","guid":{"rendered":"https:\/\/hosting155515.a2e55.netcup.net\/pingpong\/?page_id=64"},"modified":"2025-08-30T10:42:24","modified_gmt":"2025-08-30T08:42:24","slug":"wir-sind-verein","status":"publish","type":"page","link":"http:\/\/pingpongsocialclub.de\/index.php\/wir-sind-verein\/","title":{"rendered":"Verein"},"content":{"rendered":"\n<div style=\"height:35px\" aria-hidden=\"true\" class=\"wp-block-spacer\"><\/div>\n\n\n\n<h1 class=\"wp-block-heading\">It&#8217;s a Social Club<\/h1>\n\n\n\n<figure class=\"wp-block-image size-full\"><img loading=\"lazy\" decoding=\"async\" width=\"770\" height=\"433\" src=\"http:\/\/pingpongsocialclub.de\/wp-content\/uploads\/2025\/03\/event2-edited.jpg\" alt=\"\" class=\"wp-image-538\" srcset=\"http:\/\/pingpongsocialclub.de\/wp-content\/uploads\/2025\/03\/event2-edited.jpg 770w, http:\/\/pingpongsocialclub.de\/wp-content\/uploads\/2025\/03\/event2-edited-300x169.jpg 300w, http:\/\/pingpongsocialclub.de\/wp-content\/uploads\/2025\/03\/event2-edited-768x432.jpg 768w, http:\/\/pingpongsocialclub.de\/wp-content\/uploads\/2025\/03\/event2-edited-600x337.jpg 600w\" sizes=\"auto, (max-width: 770px) 100vw, 770px\" \/><\/figure>\n\n\n\n<p>Der <strong>Ping Pong Social Club Heidelberg e.V.<\/strong> ist mehr als nur ein Verein \u2013 wir sind eine Community! Bei uns geht\u2019s um Tischtennis, aber noch viel mehr um Begegnung, gute Vibes und gemeinsame Erlebnisse.<\/p>\n\n\n\n<p>Unsere Mitglieder treffen sich regelm\u00e4\u00dfig in unserer Vereinslocation, <strong>die ehemalige&nbsp; Kantine von Heidelberger Druck<\/strong>, wo wir bis Ende 2025 noch unser kleines Vereinsheim haben. Dort wird gezockt, gequatscht und die ein oder andere Rundlauf-Runde eingelegt. Aber unser Fokus liegt auf den <strong>gro\u00dfen, \u00f6ffentlichen Events<\/strong>, bei denen wirklich <strong>alle<\/strong> mitspielen k\u00f6nnen \u2013 vor allem unsere Sessions im <strong><a href=\"https:\/\/www.karlstorbahnhof.de\/\">Karlstorbahnhof<\/a><\/strong>.<\/p>\n\n\n\n<p>Unsere Veranstaltungen sind <strong>immer kostenlos<\/strong> und du brauchst auch keinen eigenen Schl\u00e4ger \u2013 wir haben genug vor Ort. Gaaaaanz viele B\u00e4lle \u00fcbrigens auch.<br>Schau einfach mal vorbei!<\/p>\n\n\n\n<h3 class=\"wp-block-heading\">Werde Mitglied!<\/h3>\n\n\n\n<p>Du feierst, was wir tun? Dann werde Teil der Community! Eine Mitgliedschaft kostet <strong>nur 1 \u20ac pro Monat <\/strong>(12 \u20ac im Jahr) und hilft uns, neue Schl\u00e4ger, Platten und Events auf die Beine zu stellen. Als Mitglied bekommst du Zugang zu internen Treffen, unserer Vereinslocation und nat\u00fcrlich das gute Gef\u00fchl, den coolsten Ping Pong Club der Stadt zu supporten.<\/p>\n\n\n\n<div class=\"wp-block-buttons is-layout-flex wp-block-buttons-is-layout-flex\">\n<div class=\"wp-block-button\"><a class=\"wp-block-button__link wp-element-button\" href=\"https:\/\/pingpongsocialclub.de\/index.php\/mitglied-im-ping-pong-social-club-werden\/\"><strong>Werde Teil des Clubs<\/strong> &#8211; MITGLIEDSCHAFT<\/a><\/div>\n<\/div>\n\n\n\n<p><\/p>\n\n\n\n<h3 class=\"wp-block-heading\"><strong>Spenden \u2013 Support the Club!<\/strong><\/h3>\n\n\n\n<p>Falls du uns lieber einmalig unterst\u00fctzen m\u00f6chtest, freuen wir uns riesig \u00fcber eine Spende. Damit finanzieren wir neue Platten, B\u00e4lle, Equipment und unsere Events. <br>Unser Bankkonto (Betreff Spende): DE07 6725 0020 0009 3410 80<\/p>\n\n\n\n<p>Oder bezahle mit Kreditkarte, Paypal oder Lastschrift:<\/p>\n\n\n\n<div class=\"wp-block-buttons is-layout-flex wp-block-buttons-is-layout-flex\">\n<div class=\"wp-block-button\"><a class=\"wp-block-button__link wp-element-button\" href=\"https:\/\/www.paypal.com\/donate\/?hosted_button_id=DUZDDSGLZ2G6Q\" target=\"_blank\" rel=\"noreferrer noopener\">JETZT SPENDEN<\/a><\/div>\n<\/div>\n\n\n\n<div style=\"height:42px\" aria-hidden=\"true\" class=\"wp-block-spacer\"><\/div>\n\n\n<div class=\"wp-block-image\">\n<figure class=\"alignleft size-full\"><img loading=\"lazy\" decoding=\"async\" width=\"396\" height=\"398\" src=\"http:\/\/pingpongsocialclub.de\/wp-content\/uploads\/2025\/08\/paypal-spenden-qr-code.jpg\" alt=\"\t\u2022\tUnterst\u00fctze unseren Verein \u2013 ganz einfach per QR-Code\" class=\"wp-image-1242\" srcset=\"http:\/\/pingpongsocialclub.de\/wp-content\/uploads\/2025\/08\/paypal-spenden-qr-code.jpg 396w, http:\/\/pingpongsocialclub.de\/wp-content\/uploads\/2025\/08\/paypal-spenden-qr-code-298x300.jpg 298w, http:\/\/pingpongsocialclub.de\/wp-content\/uploads\/2025\/08\/paypal-spenden-qr-code-150x150.jpg 150w\" sizes=\"auto, (max-width: 396px) 100vw, 396px\" \/><\/figure>\n<\/div>\n\n\n<div class=\"wp-block-buttons alignwide is-layout-flex wp-container-core-buttons-is-layout-a74382ec wp-block-buttons-is-layout-flex\"><\/div>\n\n\n\n<div class=\"wp-block-group is-nowrap is-layout-flex wp-container-core-group-is-layout-ad2f72ca wp-block-group-is-layout-flex\">\n<div style=\"height:39px;width:0px\" aria-hidden=\"true\" class=\"wp-block-spacer wp-container-content-d5d6ef74\"><\/div>\n\n\n\n<div style=\"height:39px;width:0px\" aria-hidden=\"true\" class=\"wp-block-spacer wp-container-content-d5d6ef74\"><\/div>\n<\/div>\n\n\n\n<div class=\"wp-block-group is-nowrap is-layout-flex wp-container-core-group-is-layout-ad2f72ca wp-block-group-is-layout-flex\">\n<h3 class=\"wp-block-heading\"><\/h3>\n\n\n\n<div style=\"height:32px;width:0px\" aria-hidden=\"true\" class=\"wp-block-spacer wp-container-content-dee2fb34\"><\/div>\n\n\n\n<hr class=\"wp-block-separator has-alpha-channel-opacity\"\/>\n<\/div>\n\n\n\n<p>Folge uns auf\u00a0<a href=\"https:\/\/www.instagram.com\/pingpongsocialclubhd\" target=\"_blank\" rel=\"noreferrer noopener\">Instagram<\/a>\u00a0(@pingpongsocialclubhd) und abonniere unseren Newsletter, um keine Events zu verpassen!<br>Komm vorbei, spiel mit \u2013 wir freuen uns auf dich!<\/p>\n","protected":false},"excerpt":{"rendered":"<p>It&#8217;s a Social Club Der Ping Pong Social Club Heidelberg e.V. ist mehr als nur ein Verein \u2013 wir sind eine Community! Bei uns geht\u2019s um Tischtennis, aber noch viel mehr um Begegnung, gute Vibes und gemeinsame Erlebnisse. Unsere Mitglieder treffen sich regelm\u00e4\u00dfig in unserer Vereinslocation, die ehemalige&nbsp; Kantine von Heidelberger Druck, wo wir bis&hellip;&nbsp;<a href=\"http:\/\/pingpongsocialclub.de\/index.php\/wir-sind-verein\/\" rel=\"bookmark\">Weiterlesen &raquo;<span class=\"screen-reader-text\">Verein<\/span><\/a><\/p>\n","protected":false},"author":2,"featured_media":153,"parent":0,"menu_order":0,"comment_status":"closed","ping_status":"closed","template":"","meta":{"neve_meta_sidebar":"","neve_meta_container":"","neve_meta_enable_content_width":"","neve_meta_content_width":0,"neve_meta_title_alignment":"","neve_meta_author_avatar":"","neve_post_elements_order":"","neve_meta_disable_header":"","neve_meta_disable_footer":"","neve_meta_disable_title":"on","footnotes":""},"class_list":["post-64","page","type-page","status-publish","has-post-thumbnail","hentry"],"yoast_head":"<!-- This site is optimized with the Yoast SEO plugin v27.1.1 - https:\/\/yoast.com\/product\/yoast-seo-wordpress\/ -->\n<title>Verein - Ping Pong Social Club Heidelberg<\/title>\n<meta name=\"description\" content=\"Der Ping Pong Social Club Heidelberg e.V. verbindet Tischtennis, Musik und Gemeinschaft. Kostenlos spielen, mitmachen, Mitglied werden \u2013 f\u00fcr alle von Bro bis Pro. Komm vorbei &amp; sei Teil der Community!\" \/>\n<meta name=\"robots\" content=\"index, follow, max-snippet:-1, max-image-preview:large, max-video-preview:-1\" \/>\n<link rel=\"canonical\" href=\"http:\/\/pingpongsocialclub.de\/index.php\/wir-sind-verein\/\" \/>\n<meta property=\"og:locale\" content=\"de_DE\" \/>\n<meta property=\"og:type\" content=\"article\" \/>\n<meta property=\"og:title\" content=\"Verein - Ping Pong Social Club Heidelberg\" \/>\n<meta property=\"og:description\" content=\"Der Ping Pong Social Club Heidelberg e.V. verbindet Tischtennis, Musik und Gemeinschaft. Kostenlos spielen, mitmachen, Mitglied werden \u2013 f\u00fcr alle von Bro bis Pro. Komm vorbei &amp; sei Teil der Community!\" \/>\n<meta property=\"og:url\" content=\"http:\/\/pingpongsocialclub.de\/index.php\/wir-sind-verein\/\" \/>\n<meta property=\"og:site_name\" content=\"Ping Pong Social Club Heidelberg\" \/>\n<meta property=\"article:modified_time\" content=\"2025-08-30T08:42:24+00:00\" \/>\n<meta property=\"og:image\" content=\"http:\/\/pingpongsocialclub.de\/wp-content\/uploads\/2024\/09\/event2.jpg\" \/>\n\t<meta property=\"og:image:width\" content=\"770\" \/>\n\t<meta property=\"og:image:height\" content=\"450\" \/>\n\t<meta property=\"og:image:type\" content=\"image\/jpeg\" \/>\n<meta name=\"twitter:card\" content=\"summary_large_image\" \/>\n<meta name=\"twitter:label1\" content=\"Gesch\u00e4tzte Lesezeit\" \/>\n\t<meta name=\"twitter:data1\" content=\"3\u00a0Minuten\" \/>\n<script type=\"application\/ld+json\" class=\"yoast-schema-graph\">{\"@context\":\"https:\/\/schema.org\",\"@graph\":[{\"@type\":\"WebPage\",\"@id\":\"http:\/\/pingpongsocialclub.de\/index.php\/wir-sind-verein\/\",\"url\":\"http:\/\/pingpongsocialclub.de\/index.php\/wir-sind-verein\/\",\"name\":\"Verein - Ping Pong Social Club Heidelberg\",\"isPartOf\":{\"@id\":\"http:\/\/pingpongsocialclub.de\/#website\"},\"primaryImageOfPage\":{\"@id\":\"http:\/\/pingpongsocialclub.de\/index.php\/wir-sind-verein\/#primaryimage\"},\"image\":{\"@id\":\"http:\/\/pingpongsocialclub.de\/index.php\/wir-sind-verein\/#primaryimage\"},\"thumbnailUrl\":\"http:\/\/pingpongsocialclub.de\/wp-content\/uploads\/2024\/09\/event2.jpg\",\"datePublished\":\"2024-09-23T13:17:22+00:00\",\"dateModified\":\"2025-08-30T08:42:24+00:00\",\"description\":\"Der Ping Pong Social Club Heidelberg e.V. verbindet Tischtennis, Musik und Gemeinschaft. Kostenlos spielen, mitmachen, Mitglied werden \u2013 f\u00fcr alle von Bro bis Pro. Komm vorbei & sei Teil der Community!\",\"breadcrumb\":{\"@id\":\"http:\/\/pingpongsocialclub.de\/index.php\/wir-sind-verein\/#breadcrumb\"},\"inLanguage\":\"de\",\"potentialAction\":[{\"@type\":\"ReadAction\",\"target\":[\"http:\/\/pingpongsocialclub.de\/index.php\/wir-sind-verein\/\"]}]},{\"@type\":\"ImageObject\",\"inLanguage\":\"de\",\"@id\":\"http:\/\/pingpongsocialclub.de\/index.php\/wir-sind-verein\/#primaryimage\",\"url\":\"http:\/\/pingpongsocialclub.de\/wp-content\/uploads\/2024\/09\/event2.jpg\",\"contentUrl\":\"http:\/\/pingpongsocialclub.de\/wp-content\/uploads\/2024\/09\/event2.jpg\",\"width\":770,\"height\":450},{\"@type\":\"BreadcrumbList\",\"@id\":\"http:\/\/pingpongsocialclub.de\/index.php\/wir-sind-verein\/#breadcrumb\",\"itemListElement\":[{\"@type\":\"ListItem\",\"position\":1,\"name\":\"Startseite\",\"item\":\"http:\/\/pingpongsocialclub.de\/\"},{\"@type\":\"ListItem\",\"position\":2,\"name\":\"Verein\"}]},{\"@type\":\"WebSite\",\"@id\":\"http:\/\/pingpongsocialclub.de\/#website\",\"url\":\"http:\/\/pingpongsocialclub.de\/\",\"name\":\"Ping Pong Social Club Heidelberg\",\"description\":\"It&#039;s a Social Club\",\"potentialAction\":[{\"@type\":\"SearchAction\",\"target\":{\"@type\":\"EntryPoint\",\"urlTemplate\":\"http:\/\/pingpongsocialclub.de\/?s={search_term_string}\"},\"query-input\":{\"@type\":\"PropertyValueSpecification\",\"valueRequired\":true,\"valueName\":\"search_term_string\"}}],\"inLanguage\":\"de\"}]}<\/script>\n<!-- \/ Yoast SEO plugin. -->","yoast_head_json":{"title":"Verein - Ping Pong Social Club Heidelberg","description":"Der Ping Pong Social Club Heidelberg e.V. verbindet Tischtennis, Musik und Gemeinschaft. Kostenlos spielen, mitmachen, Mitglied werden \u2013 f\u00fcr alle von Bro bis Pro. Komm vorbei & sei Teil der Community!","robots":{"index":"index","follow":"follow","max-snippet":"max-snippet:-1","max-image-preview":"max-image-preview:large","max-video-preview":"max-video-preview:-1"},"canonical":"http:\/\/pingpongsocialclub.de\/index.php\/wir-sind-verein\/","og_locale":"de_DE","og_type":"article","og_title":"Verein - Ping Pong Social Club Heidelberg","og_description":"Der Ping Pong Social Club Heidelberg e.V. verbindet Tischtennis, Musik und Gemeinschaft. Kostenlos spielen, mitmachen, Mitglied werden \u2013 f\u00fcr alle von Bro bis Pro. Komm vorbei & sei Teil der Community!","og_url":"http:\/\/pingpongsocialclub.de\/index.php\/wir-sind-verein\/","og_site_name":"Ping Pong Social Club Heidelberg","article_modified_time":"2025-08-30T08:42:24+00:00","og_image":[{"width":770,"height":450,"url":"http:\/\/pingpongsocialclub.de\/wp-content\/uploads\/2024\/09\/event2.jpg","type":"image\/jpeg"}],"twitter_card":"summary_large_image","twitter_misc":{"Gesch\u00e4tzte Lesezeit":"3\u00a0Minuten"},"schema":{"@context":"https:\/\/schema.org","@graph":[{"@type":"WebPage","@id":"http:\/\/pingpongsocialclub.de\/index.php\/wir-sind-verein\/","url":"http:\/\/pingpongsocialclub.de\/index.php\/wir-sind-verein\/","name":"Verein - Ping Pong Social Club Heidelberg","isPartOf":{"@id":"http:\/\/pingpongsocialclub.de\/#website"},"primaryImageOfPage":{"@id":"http:\/\/pingpongsocialclub.de\/index.php\/wir-sind-verein\/#primaryimage"},"image":{"@id":"http:\/\/pingpongsocialclub.de\/index.php\/wir-sind-verein\/#primaryimage"},"thumbnailUrl":"http:\/\/pingpongsocialclub.de\/wp-content\/uploads\/2024\/09\/event2.jpg","datePublished":"2024-09-23T13:17:22+00:00","dateModified":"2025-08-30T08:42:24+00:00","description":"Der Ping Pong Social Club Heidelberg e.V. verbindet Tischtennis, Musik und Gemeinschaft. Kostenlos spielen, mitmachen, Mitglied werden \u2013 f\u00fcr alle von Bro bis Pro. Komm vorbei & sei Teil der Community!","breadcrumb":{"@id":"http:\/\/pingpongsocialclub.de\/index.php\/wir-sind-verein\/#breadcrumb"},"inLanguage":"de","potentialAction":[{"@type":"ReadAction","target":["http:\/\/pingpongsocialclub.de\/index.php\/wir-sind-verein\/"]}]},{"@type":"ImageObject","inLanguage":"de","@id":"http:\/\/pingpongsocialclub.de\/index.php\/wir-sind-verein\/#primaryimage","url":"http:\/\/pingpongsocialclub.de\/wp-content\/uploads\/2024\/09\/event2.jpg","contentUrl":"http:\/\/pingpongsocialclub.de\/wp-content\/uploads\/2024\/09\/event2.jpg","width":770,"height":450},{"@type":"BreadcrumbList","@id":"http:\/\/pingpongsocialclub.de\/index.php\/wir-sind-verein\/#breadcrumb","itemListElement":[{"@type":"ListItem","position":1,"name":"Startseite","item":"http:\/\/pingpongsocialclub.de\/"},{"@type":"ListItem","position":2,"name":"Verein"}]},{"@type":"WebSite","@id":"http:\/\/pingpongsocialclub.de\/#website","url":"http:\/\/pingpongsocialclub.de\/","name":"Ping Pong Social Club Heidelberg","description":"It&#039;s a Social Club","potentialAction":[{"@type":"SearchAction","target":{"@type":"EntryPoint","urlTemplate":"http:\/\/pingpongsocialclub.de\/?s={search_term_string}"},"query-input":{"@type":"PropertyValueSpecification","valueRequired":true,"valueName":"search_term_string"}}],"inLanguage":"de"}]}},"jetpack_sharing_enabled":true,"_links":{"self":[{"href":"http:\/\/pingpongsocialclub.de\/index.php\/wp-json\/wp\/v2\/pages\/64","targetHints":{"allow":["GET"]}}],"collection":[{"href":"http:\/\/pingpongsocialclub.de\/index.php\/wp-json\/wp\/v2\/pages"}],"about":[{"href":"http:\/\/pingpongsocialclub.de\/index.php\/wp-json\/wp\/v2\/types\/page"}],"author":[{"embeddable":true,"href":"http:\/\/pingpongsocialclub.de\/index.php\/wp-json\/wp\/v2\/users\/2"}],"replies":[{"embeddable":true,"href":"http:\/\/pingpongsocialclub.de\/index.php\/wp-json\/wp\/v2\/comments?post=64"}],"version-history":[{"count":10,"href":"http:\/\/pingpongsocialclub.de\/index.php\/wp-json\/wp\/v2\/pages\/64\/revisions"}],"predecessor-version":[{"id":1260,"href":"http:\/\/pingpongsocialclub.de\/index.php\/wp-json\/wp\/v2\/pages\/64\/revisions\/1260"}],"wp:featuredmedia":[{"embeddable":true,"href":"http:\/\/pingpongsocialclub.de\/index.php\/wp-json\/wp\/v2\/media\/153"}],"wp:attachment":[{"href":"http:\/\/pingpongsocialclub.de\/index.php\/wp-json\/wp\/v2\/media?parent=64"}],"curies":[{"name":"wp","href":"https:\/\/api.w.org\/{rel}","templated":true}]}}