{"id":998,"date":"2025-03-25T14:17:05","date_gmt":"2025-03-25T13:17:05","guid":{"rendered":"https:\/\/pingpongsocialclub.de\/?page_id=998"},"modified":"2025-03-25T14:17:06","modified_gmt":"2025-03-25T13:17:06","slug":"vereinssatzung","status":"publish","type":"page","link":"http:\/\/pingpongsocialclub.de\/index.php\/vereinssatzung\/","title":{"rendered":"Vereinssatzung"},"content":{"rendered":"\n<p><strong>Vereinssatzung<\/strong><\/p>\n\n\n\n<p>(beschlossen in der Mitgliederversammlung vom 16.03.2022)<\/p>\n\n\n\n<p><strong>\u00a7 1<\/strong><\/p>\n\n\n\n<p><strong>Name, Sitz, Gesch\u00e4ftsjahr<\/strong><\/p>\n\n\n\n<p>Der Verein f\u00fchrt den Namen \u201ePing Pong Social Club Heidelberg\u201c. Er soll in das Vereinsregister eingetragen werden und f\u00fchrt dann den Zusatz \u201ee.V.\u201c<\/p>\n\n\n\n<p>Der Verein hat seinen Sitz in Heidelberg. Der Verein wurde am 16.03.2022 errichtet.<\/p>\n\n\n\n<p>Das Gesch\u00e4ftsjahr ist das Kalenderjahr.<\/p>\n\n\n\n<p><strong>\u00a7 2<\/strong><\/p>\n\n\n\n<p><strong>Zweck, Aufgaben und Grunds\u00e4tze der T\u00e4tigkeit<\/strong><\/p>\n\n\n\n<p>Zweck des Vereins ist die F\u00f6rderung des Sports sowie F\u00f6rderung von Kunst und Kultur. Der Satzungszweck wird verwirklicht insbesondere durch<\/p>\n\n\n\n<p>Vertretung der Interessen der Tischtennis-Spieler*innen gegen\u00fcber Dritten (Stadt, Gemeinde, Unternehmen, \u00d6ffentlichkeit, etc.)<\/p>\n\n\n\n<p>Kommunikation und Beratung zwischen den Planer*innen und Konstrukteur*innen von Tischtennis-Anlagen und den aktiven Tischtennis-Spieler*innen<\/p>\n\n\n\n<p>Ausrichtung und F\u00f6rderung von Veranstaltungen, wie zum Beispiel Turniere, Wettbewerbe, Workshops, Exkursionen und Trainingslagern, u.\u00e4.<\/p>\n\n\n\n<p>Zusammenbringen und Pflege der regionalen und \u00fcberregionalen Tischtennisszene durch die gemeinsame Aus\u00fcbung des Sportes.<\/p>\n\n\n\n<p>Kooperationen mit K\u00fcnstler*innen (z.B. Musik, darstellende K\u00fcnste, Textil, Print) und Ausrichtung von gemeinsamen Veranstaltungen zur F\u00f6rderung der regionalen und \u00fcberregionalen Kunst- &amp; Kulturszene<\/p>\n\n\n\n<p>Damit sollen insbesondere den Belangen und Interessen von Jugendlichen, jungen Erwachsenen und Personen jeglichen Alters eine organisierte Plattform angeboten werden.<\/p>\n\n\n\n<p>Der Verein verfolgt ausschlie\u00dflich und unmittelbar gemeinn\u00fctzige Zwecke im Sinne des Abschnitts \u201eSteuerbeg\u00fcnstigte Zwecke\u201c der Abgabenordnung.<\/p>\n\n\n\n<p>Der Verein ist selbstlos t\u00e4tig; er verfolgt nicht in erster Linie eigenwirtschaftliche Zwecke.<\/p>\n\n\n\n<p>Die Organe des Vereins (\u00a7 6) \u00fcben ihre T\u00e4tigkeit grunds\u00e4tzlich ehrenamtlich aus. Bei Bedarf k\u00f6nnen Vereins\u00e4mter im Rahmen der haushaltsrechtlichen M\u00f6glichkeiten entgeltlich auf der Grundlage eines Dienstvertrages oder gegen Zahlung einer Aufwandsentsch\u00e4digung nach \u00a7 3 Nr. 26 a EStG (Ehrenamtspauschale) ausge\u00fcbt werden. Die Entscheidung \u00fcber eine entgeltliche Vereinst\u00e4tigkeit trifft der Vorstand j\u00e4hrlich per Beschluss. Gleiches gilt f\u00fcr die Vertragsinhalte und -bedingungen<strong>.<\/strong><\/p>\n\n\n\n<p>Mittel des Vereins d\u00fcrfen nur f\u00fcr satzungsm\u00e4\u00dfige Zwecke verwendet werden. Die Mitglieder erhalten keine Zuwendungen aus Mitteln des Vereins. Es darf keine Person durch Ausgaben, die den Zwecken des Vereins fremd sind, oder durch unverh\u00e4ltnism\u00e4\u00dfig hohe Verg\u00fctungen beg\u00fcnstigt werden.<\/p>\n\n\n\n<p>Der Verein r\u00e4umt den Angeh\u00f6rigen aller Nationalit\u00e4ten und Bev\u00f6lkerungsgruppen gleiche Rechte ein und vertritt den Grundsatz parteipolitischer, religi\u00f6ser und weltanschaulicher Toleranz und Neutralit\u00e4t.<\/p>\n\n\n\n<p>Der Verein verurteilt jegliche Form von Gewalt, unabh\u00e4ngig davon ob sie k\u00f6rperlicher, seelischer oder sexualisierter Art ist.<\/p>\n\n\n\n<p><strong>\u00a7 3<\/strong><\/p>\n\n\n\n<p><strong>Erwerb und Verlust der Mitgliedschaft<\/strong><\/p>\n\n\n\n<p>Der Verein besteht aus den erwachsenen Mitgliedern nach Vollendung des 18. Lebensjahres und jugendlichen Mitgliedern bis zur Vollendung des 18. Lebensjahres. Dem Verein kann jede nat\u00fcrliche Person als Mitglied angeh\u00f6ren.<\/p>\n\n\n\n<p>Die Mitgliedschaft ist schriftlich unter Anerkennung der Vereinssatzung zu beantragen. \u00dcber die Aufnahme von Mitgliedern entscheidet der Vorstand. Im Falle einer Ablehnung entscheidet auf Verlangen des\/der Antragstellers\/Antragsstellerin die Mitgliederversammlung. Bei Aufnahmeantr\u00e4gen Minderj\u00e4hriger ist die schriftliche Zustimmung der gesetzlichen Vertreter*innen erforderlich.<\/p>\n\n\n\n<p>Die Mitgliedschaft erlischt durch Austritt, Ausschluss oder Tod. Der Austritt muss dem Vorstand gegen\u00fcber schriftlich erkl\u00e4rt werden. Die K\u00fcndigungsfrist betr\u00e4gt 4 Wochen zum Kalendervierteljahr.<\/p>\n\n\n\n<p>Ein Mitglied kann, nach vorheriger Anh\u00f6rung, vom Vorstand aus dem Verein ausgeschlossen werden:<\/p>\n\n\n\n<p>wegen erheblicher Verletzung satzungsgem\u00e4\u00dfer Verpflichtungen<\/p>\n\n\n\n<p>wegen Zahlungsr\u00fcckstandes mit Beitr\u00e4gen von mehr als einem halben Jahresbeitrag trotz Mahnung<\/p>\n\n\n\n<p>wegen eines schweren Versto\u00dfes gegen die Interessen des Vereins<\/p>\n\n\n\n<p>wegen unehrenhafter Handlungen<\/p>\n\n\n\n<p>Im Fall von Abs. 4 b) erfolgt eine Streichung aus der Mitgliederliste ohne vorherige Anh\u00f6rung des Mitgliedes. In den F\u00e4llen von Abs. 4 a), c) und d) ist gegen die Entscheidung durch das betreffende Mitglied eine Berufung an die Mitgliederversammlung zul\u00e4ssig. Die Berufung ist binnen zwei Wochen nach Zugang der Entscheidung schriftlich einzulegen. Die Mitgliederversammlung entscheidet endg\u00fcltig.<\/p>\n\n\n\n<p>Nach Beendigung der Mitgliedschaft bleibt die Zahlungspflicht der bis zu diesem Zeitpunkt f\u00e4llig gewordenen Beitr\u00e4ge bestehen. Der Bescheid \u00fcber den Ausschluss ist per E-Mail zuzustellen.<\/p>\n\n\n\n<p>Ausgeschiedene oder ausgeschlossene Mitglieder haben keinen Anspruch auf Anteile aus dem Verm\u00f6gen des Vereins.<\/p>\n\n\n\n<p><strong>\u00a7 4<\/strong><\/p>\n\n\n\n<p><strong>Rechte und Pflichten<\/strong><\/p>\n\n\n\n<p>Die Mitglieder sind berechtigt, im Rahmen des Vereinszweckes an regelm\u00e4\u00dfigen Tischtenniskursen, an Turnieren\/Wettk\u00e4mpfen, Workshops und an sonstigen Veranstaltungen des Vereins teilzunehmen.<\/p>\n\n\n\n<p>Alle Mitglieder sind verpflichtet, sich entsprechend der Satzung und den weiteren Ordnungen des Vereins zu verhalten.<\/p>\n\n\n\n<p>Die Mitglieder sind zur Entrichtung von Beitr\u00e4gen verpflichtet. Beitr\u00e4ge sind jeweils pro Jahr zu entrichten. Die H\u00f6he der Aufnahmegeb\u00fchren und Beitr\u00e4ge beschlie\u00dft die Mitgliederversammlung.<\/p>\n\n\n\n<p><strong>\u00a7 5<\/strong><\/p>\n\n\n\n<p><strong>F\u00f6rdermitglieder<\/strong><\/p>\n\n\n\n<p>F\u00f6rdermitglieder des Vereins k\u00f6nnen nat\u00fcrliche und juristische Personen werden. F\u00fcr den Erwerb der F\u00f6rdermitgliedschaft gilt \u00a7 3 (1)-(7) entsprechend.<\/p>\n\n\n\n<p>F\u00f6rdermitglieder haben auf der Mitgliederversammlung Rederecht, aber kein Antragsrecht, kein Stimmrecht und kein aktives und passives Wahlrecht.<\/p>\n\n\n\n<p><strong>\u00a7 6<\/strong><\/p>\n\n\n\n<p><strong>Vereinsorgane<\/strong><\/p>\n\n\n\n<p>Die Organe des Vereins sind die Mitgliederversammlungen und der Vorstand.<\/p>\n\n\n\n<p><strong>\u00a7 7<\/strong><\/p>\n\n\n\n<p><strong>Die Mitgliederversammlung<\/strong><\/p>\n\n\n\n<p>Oberstes Organ des Vereins ist die Mitgliederversammlung. Diese ist zust\u00e4ndig f\u00fcr:<\/p>\n\n\n\n<p>Entgegennahme der Berichte des Vorstandes,<\/p>\n\n\n\n<p>Entlastung und Wahl des Vorstandes,<\/p>\n\n\n\n<p>Festsetzung von Aufnahmegeb\u00fchren, Beitr\u00e4gen, Umlagen und deren F\u00e4lligkeit<\/p>\n\n\n\n<p>Genehmigung des Haushaltsplanes,<\/p>\n\n\n\n<p>Satzungs\u00e4nderungen,<\/p>\n\n\n\n<p>Beschlussfassung \u00fcber Antr\u00e4ge,<\/p>\n\n\n\n<p>Entscheidung \u00fcber die Berufung gegen den ablehnenden Entscheid des Vorstandes nach \u00a7 3, Abs. 2 und Abs. 4<\/p>\n\n\n\n<p>Aufl\u00f6sung des Vereins.<\/p>\n\n\n\n<p>Eine ordentliche Mitgliederversammlung (Jahreshauptversammlung) findet mindestens einmal j\u00e4hrlich statt. Sie sollte grunds\u00e4tzlich im 1. Quartal des Kalenderjahres stattfinden.<\/p>\n\n\n\n<p>Eine au\u00dferordentliche Mitgliederversammlung ist innerhalb einer Frist von mindestens zwei Wochen mit entsprechender schriftlicher Tagesordnung einzuberufen, wenn es<\/p>\n\n\n\n<p>\u2003a) der Vorstand beschlie\u00dft oder<\/p>\n\n\n\n<p>\u2003b) 25% der Mitglieder beantragen<\/p>\n\n\n\n<p>Die Einberufung von Mitgliederversammlungen erfolgt durch den Vorstand mittels Einladung per E-Mail. Zwischen dem Tag der Einladung und dem Termin der Versammlung muss eine Frist von mindestens zwei Wochen und h\u00f6chstens sechs Wochen liegen. Mit der Einberufung der Mitgliederversammlung ist die Tagesordnung mitzuteilen. Antr\u00e4ge auf Satzungs\u00e4nderungen m\u00fcssen bei der Bekanntgabe der Tagesordnung w\u00f6rtlich mitgeteilt werden.<\/p>\n\n\n\n<p>Die Mitgliederversammlung ist unabh\u00e4ngig von der Zahl der erschienenen Mitglieder beschlussf\u00e4hig. Bei Beschl\u00fcssen und Wahlen entscheidet die einfache Mehrheit der abgegebenen g\u00fcltigen Stimmen. Stimmengleichheit bedeutet Ablehnung. Satzungs\u00e4nderungen erfordern eine Zweidrittelmehrheit. Bei Wahlen muss eine geheime Abstimmung erfolgen, wenn diese von mindestens drei der stimmberechtigten Anwesenden beantragt wird.<\/p>\n\n\n\n<p>Antr\u00e4ge k\u00f6nnen gestellt werden von Mitgliedern und vom Vorstand.<\/p>\n\n\n\n<p>Antr\u00e4ge auf Satzungs\u00e4nderungen m\u00fcssen vier Wochen vor der Mitgliederversammlung schriftlich beim Vorsitzenden des Vereins eingegangen sein.<\/p>\n\n\n\n<p>\u00dcber die Mitgliederversammlung ist ein Ergebnisprotokoll zu fertigen, das von dem\/der Versammlungsleitenden und dem\/der Protokollf\u00fchrenden unterzeichnet werden muss. In dieses Protokoll sind insbesondere die Beschl\u00fcsse der Mitgliederversammlung aufzunehmen. Protokolle gelten als genehmigt, wenn binnen 6 Wochen nach Absendung kein schriftlicher Einspruch eingelegt wird.<\/p>\n\n\n\n<p><strong>\u00a7 8<\/strong><\/p>\n\n\n\n<p><strong>Stimmrecht und W\u00e4hlbarkeit<\/strong><\/p>\n\n\n\n<p>Stimmberechtigt sind alle Mitglieder gem\u00e4\u00df \u00a7 3.<\/p>\n\n\n\n<p>Das Stimmrecht kann nur pers\u00f6nlich ausge\u00fcbt werden.<\/p>\n\n\n\n<p>Gew\u00e4hlt werden k\u00f6nnen alle vollj\u00e4hrigen und gesch\u00e4ftsf\u00e4higen Mitglieder des Vereins.<\/p>\n\n\n\n<p><strong>\u00a7 9<\/strong><\/p>\n\n\n\n<p><strong>Der Vorstand<\/strong><\/p>\n\n\n\n<p>Der Vorstand besteht aus:<\/p>\n\n\n\n<p>der oder dem Vorsitzenden<\/p>\n\n\n\n<p>der oder dem stellvertretenden Vorsitzenden<\/p>\n\n\n\n<p>dem oder der Schatzmeister*in<\/p>\n\n\n\n<p>bis zu zwei weiteren Vorstandsmitgliedern<\/p>\n\n\n\n<p>Der Vorstand f\u00fchrt die Gesch\u00e4fte im Sinne der Satzung und der Beschl\u00fcsse der Mitgliederversammlung. Er fasst seine Beschl\u00fcsse mit einfacher Mehrheit. Bei Stimmengleichheit entscheidet die Stimme des\/der Vorsitzenden. Der Vorstand ordnet und \u00fcberwacht die T\u00e4tigkeit des Vereins und berichtet der Mitgliederversammlung \u00fcber seine T\u00e4tigkeit. Der Vorstand ist berechtigt, f\u00fcr bestimmte Zwecke Aussch\u00fcsse einzusetzen. Er kann verbindliche Ordnungen erlassen.<\/p>\n\n\n\n<p>Vorstand im Sinne des \u00a7 26 BGB sind alle Vorstandsmitglieder. Sie vertreten den Verein gerichtlich und au\u00dfergerichtlich jeweils alleine. Im Innenverh\u00e4ltnis des Vereins darf der\/die stellvertretende Vorsitzende seine\/ihre Vertretungsmacht nur bei Verhinderung des Vorsitzenden aus\u00fcben.<\/p>\n\n\n\n<p>Der\/Die Vorsitzende leitet die Mitgliederversammlung, er\/sie kann ein anderes Mitglied mit der Leitung beauftragen.<\/p>\n\n\n\n<p>Die Mitglieder des Vorstandes werden jeweils f\u00fcr ein Jahr gew\u00e4hlt. Sie bleiben so lange im Amt, bis ein\/e Nachfolger*in gew\u00e4hlt ist. Eine Wiederwahl ist zul\u00e4ssig.<\/p>\n\n\n\n<p><strong>\u00a7 10<\/strong><\/p>\n\n\n\n<p><strong>Haftungsbeschr\u00e4nkungen<\/strong><\/p>\n\n\n\n<p>Der Verein, seine Organmitglieder und die im Interesse und f\u00fcr die Zwecke des Vereins im Auftrag handelnden Personen haften gegen\u00fcber den Mitgliedern im Innenverh\u00e4ltnis nicht f\u00fcr fahrl\u00e4ssig verursachte Sch\u00e4den oder Verluste, die Mitglieder bei der Aus\u00fcbung des Sports, bei Benutzung von Anlagen oder Einrichtungen und Ger\u00e4ten des Vereins oder durch Veranstaltungen erleiden, soweit solche Sch\u00e4den oder Verluste nicht durch die Versicherungen des Vereins gedeckt sind. Soweit hiernach Versicherungsschutz besteht, ist \u00a7 31a Abs.1 S. 2 BGB nicht anzuwenden.<\/p>\n\n\n\n<p><strong>\u00a711<\/strong><\/p>\n\n\n\n<p><strong>Aufl\u00f6sung des Vereins<\/strong><\/p>\n\n\n\n<p>\u00dcber die Aufl\u00f6sung des Vereins entscheidet eine hierf\u00fcr besonders einzuberufende Mitgliederversammlung mit einer Mehrheit von Dreiviertel der erschienenen stimmberechtigten Mitglieder.<\/p>\n\n\n\n<p>Bei Aufl\u00f6sung des Vereins oder bei Wegfall steuerbeg\u00fcnstigter Zwecke f\u00e4llt das Verm\u00f6gen des Vereins an eine juristische Person des \u00f6ffentlichen Rechts oder eine andere steuerbeg\u00fcnstigte K\u00f6rperschaft zwecks Verwendung f\u00fcr die F\u00f6rderung des Sports, insbesondere des Tischtennissports.<\/p>\n","protected":false},"excerpt":{"rendered":"<p>Vereinssatzung (beschlossen in der Mitgliederversammlung vom 16.03.2022) \u00a7 1 Name, Sitz, Gesch\u00e4ftsjahr Der Verein f\u00fchrt den Namen \u201ePing Pong Social Club Heidelberg\u201c. Er soll in das Vereinsregister eingetragen werden und f\u00fchrt dann den Zusatz \u201ee.V.\u201c Der Verein hat seinen Sitz in Heidelberg. Der Verein wurde am 16.03.2022 errichtet. Das Gesch\u00e4ftsjahr ist das Kalenderjahr. \u00a7 2&hellip;&nbsp;<a href=\"http:\/\/pingpongsocialclub.de\/index.php\/vereinssatzung\/\" rel=\"bookmark\">Weiterlesen &raquo;<span class=\"screen-reader-text\">Vereinssatzung<\/span><\/a><\/p>\n","protected":false},"author":1,"featured_media":0,"parent":0,"menu_order":0,"comment_status":"closed","ping_status":"closed","template":"","meta":{"neve_meta_sidebar":"","neve_meta_container":"","neve_meta_enable_content_width":"","neve_meta_content_width":0,"neve_meta_title_alignment":"","neve_meta_author_avatar":"","neve_post_elements_order":"","neve_meta_disable_header":"","neve_meta_disable_footer":"","neve_meta_disable_title":"","footnotes":""},"class_list":["post-998","page","type-page","status-publish","hentry"],"yoast_head":"<!-- This site is optimized with the Yoast SEO plugin v27.1.1 - https:\/\/yoast.com\/product\/yoast-seo-wordpress\/ -->\n<title>Vereinssatzung - Ping Pong Social Club Heidelberg<\/title>\n<meta name=\"robots\" content=\"index, follow, max-snippet:-1, max-image-preview:large, max-video-preview:-1\" \/>\n<link rel=\"canonical\" href=\"https:\/\/pingpongsocialclub.de\/index.php\/vereinssatzung\/\" \/>\n<meta property=\"og:locale\" content=\"de_DE\" \/>\n<meta property=\"og:type\" content=\"article\" \/>\n<meta property=\"og:title\" content=\"Vereinssatzung - Ping Pong Social Club Heidelberg\" \/>\n<meta property=\"og:description\" content=\"Vereinssatzung (beschlossen in der Mitgliederversammlung vom 16.03.2022) \u00a7 1 Name, Sitz, Gesch\u00e4ftsjahr Der Verein f\u00fchrt den Namen \u201ePing Pong Social Club Heidelberg\u201c. Er soll in das Vereinsregister eingetragen werden und f\u00fchrt dann den Zusatz \u201ee.V.\u201c Der Verein hat seinen Sitz in Heidelberg. Der Verein wurde am 16.03.2022 errichtet. Das Gesch\u00e4ftsjahr ist das Kalenderjahr. \u00a7 2&hellip;&nbsp;Weiterlesen &raquo;Vereinssatzung\" \/>\n<meta property=\"og:url\" content=\"https:\/\/pingpongsocialclub.de\/index.php\/vereinssatzung\/\" \/>\n<meta property=\"og:site_name\" content=\"Ping Pong Social Club Heidelberg\" \/>\n<meta property=\"article:modified_time\" content=\"2025-03-25T13:17:06+00:00\" \/>\n<meta name=\"twitter:card\" content=\"summary_large_image\" \/>\n<meta name=\"twitter:label1\" content=\"Gesch\u00e4tzte Lesezeit\" \/>\n\t<meta name=\"twitter:data1\" content=\"8\u00a0Minuten\" \/>\n<script type=\"application\/ld+json\" class=\"yoast-schema-graph\">{\"@context\":\"https:\/\/schema.org\",\"@graph\":[{\"@type\":\"WebPage\",\"@id\":\"https:\/\/pingpongsocialclub.de\/index.php\/vereinssatzung\/\",\"url\":\"https:\/\/pingpongsocialclub.de\/index.php\/vereinssatzung\/\",\"name\":\"Vereinssatzung - Ping Pong Social Club Heidelberg\",\"isPartOf\":{\"@id\":\"https:\/\/pingpongsocialclub.de\/#website\"},\"datePublished\":\"2025-03-25T13:17:05+00:00\",\"dateModified\":\"2025-03-25T13:17:06+00:00\",\"breadcrumb\":{\"@id\":\"https:\/\/pingpongsocialclub.de\/index.php\/vereinssatzung\/#breadcrumb\"},\"inLanguage\":\"de\",\"potentialAction\":[{\"@type\":\"ReadAction\",\"target\":[\"https:\/\/pingpongsocialclub.de\/index.php\/vereinssatzung\/\"]}]},{\"@type\":\"BreadcrumbList\",\"@id\":\"https:\/\/pingpongsocialclub.de\/index.php\/vereinssatzung\/#breadcrumb\",\"itemListElement\":[{\"@type\":\"ListItem\",\"position\":1,\"name\":\"Startseite\",\"item\":\"https:\/\/pingpongsocialclub.de\/\"},{\"@type\":\"ListItem\",\"position\":2,\"name\":\"Vereinssatzung\"}]},{\"@type\":\"WebSite\",\"@id\":\"https:\/\/pingpongsocialclub.de\/#website\",\"url\":\"https:\/\/pingpongsocialclub.de\/\",\"name\":\"Ping Pong Social Club Heidelberg\",\"description\":\"It&#039;s a Social Club\",\"potentialAction\":[{\"@type\":\"SearchAction\",\"target\":{\"@type\":\"EntryPoint\",\"urlTemplate\":\"https:\/\/pingpongsocialclub.de\/?s={search_term_string}\"},\"query-input\":{\"@type\":\"PropertyValueSpecification\",\"valueRequired\":true,\"valueName\":\"search_term_string\"}}],\"inLanguage\":\"de\"}]}<\/script>\n<!-- \/ Yoast SEO plugin. -->","yoast_head_json":{"title":"Vereinssatzung - Ping Pong Social Club Heidelberg","robots":{"index":"index","follow":"follow","max-snippet":"max-snippet:-1","max-image-preview":"max-image-preview:large","max-video-preview":"max-video-preview:-1"},"canonical":"https:\/\/pingpongsocialclub.de\/index.php\/vereinssatzung\/","og_locale":"de_DE","og_type":"article","og_title":"Vereinssatzung - Ping Pong Social Club Heidelberg","og_description":"Vereinssatzung (beschlossen in der Mitgliederversammlung vom 16.03.2022) \u00a7 1 Name, Sitz, Gesch\u00e4ftsjahr Der Verein f\u00fchrt den Namen \u201ePing Pong Social Club Heidelberg\u201c. Er soll in das Vereinsregister eingetragen werden und f\u00fchrt dann den Zusatz \u201ee.V.\u201c Der Verein hat seinen Sitz in Heidelberg. Der Verein wurde am 16.03.2022 errichtet. Das Gesch\u00e4ftsjahr ist das Kalenderjahr. \u00a7 2&hellip;&nbsp;Weiterlesen &raquo;Vereinssatzung","og_url":"https:\/\/pingpongsocialclub.de\/index.php\/vereinssatzung\/","og_site_name":"Ping Pong Social Club Heidelberg","article_modified_time":"2025-03-25T13:17:06+00:00","twitter_card":"summary_large_image","twitter_misc":{"Gesch\u00e4tzte Lesezeit":"8\u00a0Minuten"},"schema":{"@context":"https:\/\/schema.org","@graph":[{"@type":"WebPage","@id":"https:\/\/pingpongsocialclub.de\/index.php\/vereinssatzung\/","url":"https:\/\/pingpongsocialclub.de\/index.php\/vereinssatzung\/","name":"Vereinssatzung - Ping Pong Social Club Heidelberg","isPartOf":{"@id":"https:\/\/pingpongsocialclub.de\/#website"},"datePublished":"2025-03-25T13:17:05+00:00","dateModified":"2025-03-25T13:17:06+00:00","breadcrumb":{"@id":"https:\/\/pingpongsocialclub.de\/index.php\/vereinssatzung\/#breadcrumb"},"inLanguage":"de","potentialAction":[{"@type":"ReadAction","target":["https:\/\/pingpongsocialclub.de\/index.php\/vereinssatzung\/"]}]},{"@type":"BreadcrumbList","@id":"https:\/\/pingpongsocialclub.de\/index.php\/vereinssatzung\/#breadcrumb","itemListElement":[{"@type":"ListItem","position":1,"name":"Startseite","item":"https:\/\/pingpongsocialclub.de\/"},{"@type":"ListItem","position":2,"name":"Vereinssatzung"}]},{"@type":"WebSite","@id":"https:\/\/pingpongsocialclub.de\/#website","url":"https:\/\/pingpongsocialclub.de\/","name":"Ping Pong Social Club Heidelberg","description":"It&#039;s a Social Club","potentialAction":[{"@type":"SearchAction","target":{"@type":"EntryPoint","urlTemplate":"https:\/\/pingpongsocialclub.de\/?s={search_term_string}"},"query-input":{"@type":"PropertyValueSpecification","valueRequired":true,"valueName":"search_term_string"}}],"inLanguage":"de"}]}},"jetpack_sharing_enabled":true,"_links":{"self":[{"href":"http:\/\/pingpongsocialclub.de\/index.php\/wp-json\/wp\/v2\/pages\/998","targetHints":{"allow":["GET"]}}],"collection":[{"href":"http:\/\/pingpongsocialclub.de\/index.php\/wp-json\/wp\/v2\/pages"}],"about":[{"href":"http:\/\/pingpongsocialclub.de\/index.php\/wp-json\/wp\/v2\/types\/page"}],"author":[{"embeddable":true,"href":"http:\/\/pingpongsocialclub.de\/index.php\/wp-json\/wp\/v2\/users\/1"}],"replies":[{"embeddable":true,"href":"http:\/\/pingpongsocialclub.de\/index.php\/wp-json\/wp\/v2\/comments?post=998"}],"version-history":[{"count":1,"href":"http:\/\/pingpongsocialclub.de\/index.php\/wp-json\/wp\/v2\/pages\/998\/revisions"}],"predecessor-version":[{"id":999,"href":"http:\/\/pingpongsocialclub.de\/index.php\/wp-json\/wp\/v2\/pages\/998\/revisions\/999"}],"wp:attachment":[{"href":"http:\/\/pingpongsocialclub.de\/index.php\/wp-json\/wp\/v2\/media?parent=998"}],"curies":[{"name":"wp","href":"https:\/\/api.w.org\/{rel}","templated":true}]}}